{"id":42,"date":"2020-03-20T08:36:15","date_gmt":"2020-03-20T08:36:15","guid":{"rendered":"https:\/\/demo.cmssuperheroes.com\/themeforest\/amarou\/?page_id=42"},"modified":"2025-03-28T17:26:53","modified_gmt":"2025-03-28T17:26:53","slug":"about-us","status":"publish","type":"page","link":"https:\/\/mcc.co.mz\/en\/about-us\/","title":{"rendered":"About Us"},"content":{"rendered":"\t\t<div data-elementor-type=\"wp-page\" data-elementor-id=\"42\" class=\"elementor elementor-42\" data-elementor-post-type=\"page\">\n\t\t\t\t\t\t<section class=\"elementor-section elementor-top-section elementor-element elementor-element-830b4cd elementor-section-stretched elementor-section-boxed elementor-section-height-default elementor-section-height-default\" data-id=\"830b4cd\" data-element_type=\"section\" data-e-type=\"section\" data-settings=\"{&quot;stretch_section&quot;:&quot;section-stretched&quot;,&quot;background_background&quot;:&quot;classic&quot;}\">\r\n\t\t\t\t\t\t\t<div class=\"elementor-background-overlay\"><\/div>\r\n\t\t\t\t\t\t\t<div class=\"elementor-container elementor-column-gap-extended \" >\r\n\t\t\t        <div class=\"elementor-column elementor-col-50 elementor-top-column elementor-element elementor-element-9a686c7\" data-id=\"9a686c7\" data-element_type=\"column\" data-e-type=\"column\">\r\n            <div class=\"elementor-widget-wrap\">\r\n                            <\/div>\r\n        <\/div>\r\n                <div class=\"elementor-column elementor-col-50 elementor-top-column elementor-element elementor-element-b0a815a\" data-id=\"b0a815a\" data-element_type=\"column\" data-e-type=\"column\">\r\n            <div class=\"elementor-widget-wrap\">\r\n                            <\/div>\r\n        <\/div>\r\n        \t\t\t<\/div>\r\n\t\t<\/section>\r\n\t\t\t\t<section class=\"elementor-section elementor-top-section elementor-element elementor-element-b0e92aa animated-fast elementor-section-stretched elementor-section-boxed elementor-section-height-default elementor-section-height-default elementor-invisible\" data-id=\"b0e92aa\" data-element_type=\"section\" data-e-type=\"section\" data-settings=\"{&quot;animation&quot;:&quot;rollIn&quot;,&quot;stretch_section&quot;:&quot;section-stretched&quot;,&quot;background_background&quot;:&quot;classic&quot;}\">\r\n\t\t\t\t\t\t<div class=\"elementor-container elementor-column-gap-extended \" >\r\n\t\t\t        <div class=\"elementor-column elementor-col-100 elementor-top-column elementor-element elementor-element-653ea1b\" data-id=\"653ea1b\" data-element_type=\"column\" data-e-type=\"column\">\r\n            <div class=\"elementor-widget-wrap elementor-element-populated\">\r\n                \t\t<section class=\"elementor-section elementor-inner-section elementor-element elementor-element-9316483 elementor-section-full_width elementor-section-height-default elementor-section-height-default\" data-id=\"9316483\" data-element_type=\"section\" data-e-type=\"section\" data-settings=\"{&quot;background_background&quot;:&quot;classic&quot;,&quot;background_motion_fx_motion_fx_scrolling&quot;:&quot;yes&quot;,&quot;background_motion_fx_range&quot;:&quot;page&quot;,&quot;background_motion_fx_motion_fx_mouse&quot;:&quot;yes&quot;,&quot;background_motion_fx_devices&quot;:[&quot;desktop&quot;,&quot;tablet&quot;,&quot;mobile&quot;]}\">\r\n\t\t\t\t\t\t<div class=\"elementor-container elementor-column-gap-default \" >\r\n\t\t\t        <div class=\"elementor-column elementor-col-100 elementor-inner-column elementor-element elementor-element-226441a\" data-id=\"226441a\" data-element_type=\"column\" data-e-type=\"column\">\r\n            <div class=\"elementor-widget-wrap elementor-element-populated\">\r\n                \t\t<div class=\"elementor-element elementor-element-9b507c4 elementor-widget elementor-widget-cms_heading\" data-id=\"9b507c4\" data-element_type=\"widget\" data-e-type=\"widget\" data-widget_type=\"cms_heading.default\">\n\t\t\t\t<div class=\"elementor-widget-container\">\n\t\t\t\t\t<div class=\"cms-heading-wrapper cms-heading-layout1\">\n    \n    <h3 class=\"custom-heading\">\n        <span >\n                    <\/span>\n    <\/h3>\n    \n            <div class=\"custom-heading-description\"><p style=\"text-align: justify\">\nA MCC \u2014 Manuten\u00e7\u00e3o e Constru\u00e7\u00e3o Civil Lda, sediada na prov\u00edncia de Maputo, Matola Rio, traz mais de 10 anos de experi\u00eancia a trabalhar na \u00e1rea de constru\u00e7\u00e3o civil, com reputa\u00e7\u00e3o de execu\u00e7\u00e3o de projectos dentro dos prazos mantendo sempre a qualidade, sa\u00fade e seguran\u00e7a e as melhores pr\u00e1ticas de gest\u00e3o ambiental. A MCC est\u00e1 registada no Minist\u00e9rio das Obras P\u00fablicas, com o processo n\u00famero 21\/2011. Possui actualmente um Alvar\u00e1 de 7\u00aa classe.<\/div>\n    <\/div>\t\t\t\t<\/div>\n\t\t\t\t<\/div>\n\t\t            <\/div>\r\n        <\/div>\r\n        \t\t\t<\/div>\r\n\t\t<\/section>\r\n\t\t\t\t<div class=\"elementor-element elementor-element-2b5eda1 elementor-widget elementor-widget-cms_text_editor\" data-id=\"2b5eda1\" data-element_type=\"widget\" data-e-type=\"widget\" data-widget_type=\"cms_text_editor.default\">\n\t\t\t\t<div class=\"elementor-widget-container\">\n\t\t\t\t\t    <div class=\"elementor-text-editor elementor-clearfix\"><\/div>\t\t\t\t<\/div>\n\t\t\t\t<\/div>\n\t\t\t\t<section class=\"elementor-section elementor-inner-section elementor-element elementor-element-c9b9c25 elementor-section-full_width elementor-section-height-default elementor-section-height-default\" data-id=\"c9b9c25\" data-element_type=\"section\" data-e-type=\"section\" data-settings=\"{&quot;background_background&quot;:&quot;classic&quot;}\">\r\n\t\t\t\t\t\t<div class=\"elementor-container elementor-column-gap-no \" >\r\n\t\t\t        <div class=\"elementor-column elementor-col-100 elementor-inner-column elementor-element elementor-element-019063f col-line2\" data-id=\"019063f\" data-element_type=\"column\" data-e-type=\"column\" data-settings=\"{&quot;background_background&quot;:&quot;classic&quot;,&quot;background_motion_fx_motion_fx_scrolling&quot;:&quot;yes&quot;,&quot;background_motion_fx_motion_fx_mouse&quot;:&quot;yes&quot;,&quot;background_motion_fx_devices&quot;:[&quot;desktop&quot;,&quot;tablet&quot;,&quot;mobile&quot;]}\">\r\n            <div class=\"elementor-widget-wrap elementor-element-populated\">\r\n                \t\t<div class=\"elementor-element elementor-element-d543cd8 elementor-widget elementor-widget-spacer\" data-id=\"d543cd8\" data-element_type=\"widget\" data-e-type=\"widget\" data-widget_type=\"spacer.default\">\n\t\t\t\t<div class=\"elementor-widget-container\">\n\t\t\t\t\t\t\t<div class=\"elementor-spacer\">\n\t\t\t<div class=\"elementor-spacer-inner\"><\/div>\n\t\t<\/div>\n\t\t\t\t\t\t<\/div>\n\t\t\t\t<\/div>\n\t\t\t\t<div class=\"elementor-element elementor-element-aec5bbd elementor-widget elementor-widget-cms_video_player\" data-id=\"aec5bbd\" data-element_type=\"widget\" data-e-type=\"widget\" data-widget_type=\"cms_video_player.default\">\n\t\t\t\t<div class=\"elementor-widget-container\">\n\t\t\t\t\t<div class=\"cms-video-player style3\">\n    \n    \n    \n                        <div class=\"btn-video-wrap\">\n                <a class=\"btn-video\" href=\"#\">\n                    <i class=\"fac fac-play\"><\/i>\n                <\/a>\n                <label>Nossa Vis\u00e3o, Miss\u00e3o e Valores!<\/label>\n            <\/div>\n          \n    <\/div>\t\t\t\t<\/div>\n\t\t\t\t<\/div>\n\t\t\t\t<div class=\"elementor-element elementor-element-93cb53f line-title elementor-widget elementor-widget-cms_heading\" data-id=\"93cb53f\" data-element_type=\"widget\" data-e-type=\"widget\" data-widget_type=\"cms_heading.default\">\n\t\t\t\t<div class=\"elementor-widget-container\">\n\t\t\t\t\t<div class=\"cms-heading-wrapper cms-heading-layout1\">\n    \n    <h3 class=\"custom-heading\">\n        <span >\n            Fornecemos servi\u00e7os e solu\u00e7\u00f5es de manuten\u00e7\u00e3o e constru\u00e7\u00e3o em todo o pa\u00eds.        <\/span>\n    <\/h3>\n    \n    <\/div>\t\t\t\t<\/div>\n\t\t\t\t<\/div>\n\t\t\t\t<div class=\"elementor-element elementor-element-d2ddfda ac-small elementor-widget elementor-widget-cms_accordion\" data-id=\"d2ddfda\" data-element_type=\"widget\" data-e-type=\"widget\" data-widget_type=\"cms_accordion.default\">\n\t\t\t\t<div class=\"elementor-widget-container\">\n\t\t\t\t\t    <div id=\"cms_accordion-d2ddfda\" class=\"cms-accordion layout1\">\n                    <div class=\"cms-accordion-item \">\n                <div class=\"cms-ac-title \" data-target=\"#fd066b9cms_accordion-d2ddfda\">\n                    <a class=\"cms-ac-title-text\">Miss\u00e3o<\/a>\n                <\/div>\n                <div id=\"fd066b9cms_accordion-d2ddfda\" class=\"cms-ac-content\">Nossa principal miss\u00e3o \u00e9 fazer parte do crescimento do pa\u00eds atrav\u00e9s da constru\u00e7\u00e3o e manuten\u00e7\u00e3o de empreendimentos para servir o nosso pa\u00eds no presente e para as gera\u00e7\u00f5es futuras.<\/div>\n            <\/div>\n                    <div class=\"cms-accordion-item active\">\n                <div class=\"cms-ac-title active\" data-target=\"#66ca982cms_accordion-d2ddfda\">\n                    <a class=\"cms-ac-title-text\">Vis\u00e3o<\/a>\n                <\/div>\n                <div id=\"66ca982cms_accordion-d2ddfda\" class=\"cms-ac-content\" style=\"display:block;\">Ser a maior e a melhor empresa de constru\u00e7\u00e3o em Mo\u00e7ambique com os padr\u00f5es internacionais e as melhores pr\u00e1ticas em tudo o que fazemos.<\/div>\n            <\/div>\n                    <div class=\"cms-accordion-item \">\n                <div class=\"cms-ac-title \" data-target=\"#4787be6cms_accordion-d2ddfda\">\n                    <a class=\"cms-ac-title-text\">Valores<\/a>\n                <\/div>\n                <div id=\"4787be6cms_accordion-d2ddfda\" class=\"cms-ac-content\">Vida e sa\u00fade vem primeiro lugar;<br \/>\nDisciplina e humildade;<br \/>\nBalan\u00e7o emocional;<br \/>\nRespeito m\u00fatuo;<br \/>\nSentimento de propriet\u00e1rio do neg\u00f3cio;<\/div>\n            <\/div>\n            <\/div>\n\t\t\t\t<\/div>\n\t\t\t\t<\/div>\n\t\t\t\t<div class=\"elementor-element elementor-element-46b7ea7 elementor-widget elementor-widget-spacer\" data-id=\"46b7ea7\" data-element_type=\"widget\" data-e-type=\"widget\" data-widget_type=\"spacer.default\">\n\t\t\t\t<div class=\"elementor-widget-container\">\n\t\t\t\t\t\t\t<div class=\"elementor-spacer\">\n\t\t\t<div class=\"elementor-spacer-inner\"><\/div>\n\t\t<\/div>\n\t\t\t\t\t\t<\/div>\n\t\t\t\t<\/div>\n\t\t            <\/div>\r\n        <\/div>\r\n        \t\t\t<\/div>\r\n\t\t<\/section>\r\n\t\t            <\/div>\r\n        <\/div>\r\n        \t\t\t<\/div>\r\n\t\t<\/section>\r\n\t\t\t\t<section class=\"elementor-section elementor-top-section elementor-element elementor-element-54ec0fa animated-fast elementor-section-stretched elementor-section-boxed elementor-section-height-default elementor-section-height-default elementor-invisible\" data-id=\"54ec0fa\" data-element_type=\"section\" data-e-type=\"section\" data-settings=\"{&quot;animation&quot;:&quot;rollIn&quot;,&quot;stretch_section&quot;:&quot;section-stretched&quot;,&quot;background_background&quot;:&quot;classic&quot;}\">\r\n\t\t\t\t\t\t<div class=\"elementor-container elementor-column-gap-extended \" >\r\n\t\t\t        <div class=\"elementor-column elementor-col-100 elementor-top-column elementor-element elementor-element-2a08aeb\" data-id=\"2a08aeb\" data-element_type=\"column\" data-e-type=\"column\">\r\n            <div class=\"elementor-widget-wrap elementor-element-populated\">\r\n                \t\t<div class=\"elementor-element elementor-element-118010d elementor-widget elementor-widget-image\" data-id=\"118010d\" data-element_type=\"widget\" data-e-type=\"widget\" data-widget_type=\"image.default\">\n\t\t\t\t<div class=\"elementor-widget-container\">\n\t\t\t\t\t\t\t\t\t\t\t\t\t\t\t<img fetchpriority=\"high\" decoding=\"async\" width=\"1076\" height=\"724\" src=\"https:\/\/mcc.co.mz\/wp-content\/uploads\/2022\/02\/IMG-20220217-WA0001.jpg\" class=\"attachment-2048x2048 size-2048x2048 wp-image-2018\" alt=\"\" srcset=\"https:\/\/mcc.co.mz\/wp-content\/uploads\/2022\/02\/IMG-20220217-WA0001.jpg 1076w, https:\/\/mcc.co.mz\/wp-content\/uploads\/2022\/02\/IMG-20220217-WA0001-300x202.jpg 300w, https:\/\/mcc.co.mz\/wp-content\/uploads\/2022\/02\/IMG-20220217-WA0001-1024x689.jpg 1024w, https:\/\/mcc.co.mz\/wp-content\/uploads\/2022\/02\/IMG-20220217-WA0001-768x517.jpg 768w, https:\/\/mcc.co.mz\/wp-content\/uploads\/2022\/02\/IMG-20220217-WA0001-18x12.jpg 18w, https:\/\/mcc.co.mz\/wp-content\/uploads\/2022\/02\/IMG-20220217-WA0001-250x168.jpg 250w\" sizes=\"(max-width: 1076px) 100vw, 1076px\" \/>\t\t\t\t\t\t\t\t\t\t\t\t\t\t\t<\/div>\n\t\t\t\t<\/div>\n\t\t            <\/div>\r\n        <\/div>\r\n        \t\t\t<\/div>\r\n\t\t<\/section>\r\n\t\t\t\t<section class=\"elementor-section elementor-top-section elementor-element elementor-element-183edcb elementor-section-stretched elementor-section-boxed elementor-section-height-default elementor-section-height-default\" data-id=\"183edcb\" data-element_type=\"section\" data-e-type=\"section\" data-settings=\"{&quot;stretch_section&quot;:&quot;section-stretched&quot;,&quot;background_background&quot;:&quot;classic&quot;}\">\r\n\t\t\t\t\t\t<div class=\"elementor-container elementor-column-gap-extended \" >\r\n\t\t\t        <div class=\"elementor-column elementor-col-100 elementor-top-column elementor-element elementor-element-0bf3f02\" data-id=\"0bf3f02\" data-element_type=\"column\" data-e-type=\"column\">\r\n            <div class=\"elementor-widget-wrap elementor-element-populated\">\r\n                \t\t<section class=\"elementor-section elementor-inner-section elementor-element elementor-element-91225d2 elementor-section-boxed elementor-section-height-default elementor-section-height-default\" data-id=\"91225d2\" data-element_type=\"section\" data-e-type=\"section\">\r\n\t\t\t\t\t\t<div class=\"elementor-container elementor-column-gap-extended \" >\r\n\t\t\t        <div class=\"elementor-column elementor-col-50 elementor-inner-column elementor-element elementor-element-216a9a7\" data-id=\"216a9a7\" data-element_type=\"column\" data-e-type=\"column\">\r\n            <div class=\"elementor-widget-wrap elementor-element-populated\">\r\n                \t\t<div class=\"elementor-element elementor-element-7df66a5 elementor-widget elementor-widget-cms_heading\" data-id=\"7df66a5\" data-element_type=\"widget\" data-e-type=\"widget\" data-widget_type=\"cms_heading.default\">\n\t\t\t\t<div class=\"elementor-widget-container\">\n\t\t\t\t\t<div class=\"cms-heading-wrapper cms-heading-layout1\">\n            <div class=\"custom-subheading\">Trabalhe com um dos principais fornecedores do sector<\/div>\n    \n    <h3 class=\"custom-heading\">\n        <span >\n            <p style=\"text-align: justify\">Comprometida em executar projectos com qualidade, pautando pela seguran\u00e7a e protec\u00e7\u00e3o do meio ambiente!        <\/span>\n    <\/h3>\n    \n    <\/div>\t\t\t\t<\/div>\n\t\t\t\t<\/div>\n\t\t            <\/div>\r\n        <\/div>\r\n                <div class=\"elementor-column elementor-col-50 elementor-inner-column elementor-element elementor-element-183a519\" data-id=\"183a519\" data-element_type=\"column\" data-e-type=\"column\">\r\n            <div class=\"elementor-widget-wrap elementor-element-populated\">\r\n                \t\t<div class=\"elementor-element elementor-element-cabc786 elementor-widget elementor-widget-cms_download\" data-id=\"cabc786\" data-element_type=\"widget\" data-e-type=\"widget\" data-widget_type=\"cms_download.default\">\n\t\t\t\t<div class=\"elementor-widget-container\">\n\t\t\t\t\t    <div class=\"cms-download\">\n    \t    \t\t<h3 class=\"el-title\">Download<\/h3>\n    \t                    <div class=\"item--download\">\n            \t<a href=\"https:\/\/drive.google.com\/file\/d\/1cX2_rJmtSd0_kYHRjv2my-um1y7giRF3\/view?usp=sharing\" target=\"_blank\">\n\t            \tPol\u00edtica integrada de Qualidade, Seguran\u00e7a e Ambiente\t            \t\t            \t\t<span class=\"download-file-type\">PDF<\/span>\n\t            \t\t            <\/a>\n           <\/div>\n            <\/div>\n\t\t\t\t<\/div>\n\t\t\t\t<\/div>\n\t\t            <\/div>\r\n        <\/div>\r\n        \t\t\t<\/div>\r\n\t\t<\/section>\r\n\t\t\t\t<div class=\"elementor-element elementor-element-2880bf9 elementor-widget-divider--view-line elementor-widget elementor-widget-divider\" data-id=\"2880bf9\" data-element_type=\"widget\" data-e-type=\"widget\" data-widget_type=\"divider.default\">\n\t\t\t\t<div class=\"elementor-widget-container\">\n\t\t\t\t\t\t\t<div class=\"elementor-divider\">\n\t\t\t<span class=\"elementor-divider-separator\">\n\t\t\t\t\t\t<\/span>\n\t\t<\/div>\n\t\t\t\t\t\t<\/div>\n\t\t\t\t<\/div>\n\t\t\t\t<section class=\"elementor-section elementor-inner-section elementor-element elementor-element-481f870 elementor-section-boxed elementor-section-height-default elementor-section-height-default\" data-id=\"481f870\" data-element_type=\"section\" data-e-type=\"section\">\r\n\t\t\t\t\t\t<div class=\"elementor-container elementor-column-gap-extended \" >\r\n\t\t\t        <div class=\"elementor-column elementor-col-25 elementor-inner-column elementor-element elementor-element-d10eb06\" data-id=\"d10eb06\" data-element_type=\"column\" data-e-type=\"column\">\r\n            <div class=\"elementor-widget-wrap elementor-element-populated\">\r\n                \t\t<div class=\"elementor-element elementor-element-e24242d elementor-widget elementor-widget-cms_heading\" data-id=\"e24242d\" data-element_type=\"widget\" data-e-type=\"widget\" data-widget_type=\"cms_heading.default\">\n\t\t\t\t<div class=\"elementor-widget-container\">\n\t\t\t\t\t<div class=\"cms-heading-wrapper cms-heading-layout1\">\n    \n    <h3 class=\"custom-heading\">\n        <span >\n            +        <\/span>\n    <\/h3>\n    \n    <\/div>\t\t\t\t<\/div>\n\t\t\t\t<\/div>\n\t\t            <\/div>\r\n        <\/div>\r\n                <div class=\"elementor-column elementor-col-25 elementor-inner-column elementor-element elementor-element-03f971a\" data-id=\"03f971a\" data-element_type=\"column\" data-e-type=\"column\">\r\n            <div class=\"elementor-widget-wrap elementor-element-populated\">\r\n                \t\t<div class=\"elementor-element elementor-element-dbf362b cms-counter-layout1 elementor-widget elementor-widget-cms_counter\" data-id=\"dbf362b\" data-element_type=\"widget\" data-e-type=\"widget\" data-widget_type=\"cms_counter.default\">\n\t\t\t\t<div class=\"elementor-widget-container\">\n\t\t\t\t\t<div class=\"cms-counter-layout1 wow zoomIn style2\" data-wow-delay=\"ms\">\n        <div class=\"cms-counter-number-wrapper\">\n        <span class=\"cms-counter-number-prefix\"><\/span>\n        <span class=\"elementor-counter-number\" data-duration=\"2000\" data-to-value=\"70\" data-delimiter=\".\">1<\/span>\n        <span class=\"cms-counter-number-suffix\"><\/span>\n    <\/div>\n            <h3 class=\"cms-counter-title\">Projectos  conclu\u00eddos <\/h3>\n    <\/div>\t\t\t\t<\/div>\n\t\t\t\t<\/div>\n\t\t\t\t<div class=\"elementor-element elementor-element-19a03d8 elementor-widget-divider--view-line elementor-widget elementor-widget-divider\" data-id=\"19a03d8\" data-element_type=\"widget\" data-e-type=\"widget\" data-widget_type=\"divider.default\">\n\t\t\t\t<div class=\"elementor-widget-container\">\n\t\t\t\t\t\t\t<div class=\"elementor-divider\">\n\t\t\t<span class=\"elementor-divider-separator\">\n\t\t\t\t\t\t<\/span>\n\t\t<\/div>\n\t\t\t\t\t\t<\/div>\n\t\t\t\t<\/div>\n\t\t            <\/div>\r\n        <\/div>\r\n                <div class=\"elementor-column elementor-col-25 elementor-inner-column elementor-element elementor-element-ff34103\" data-id=\"ff34103\" data-element_type=\"column\" data-e-type=\"column\">\r\n            <div class=\"elementor-widget-wrap elementor-element-populated\">\r\n                \t\t<div class=\"elementor-element elementor-element-26fe123 elementor-widget elementor-widget-cms_heading\" data-id=\"26fe123\" data-element_type=\"widget\" data-e-type=\"widget\" data-widget_type=\"cms_heading.default\">\n\t\t\t\t<div class=\"elementor-widget-container\">\n\t\t\t\t\t<div class=\"cms-heading-wrapper cms-heading-layout1\">\n    \n    <h3 class=\"custom-heading\">\n        <span >\n            +        <\/span>\n    <\/h3>\n    \n    <\/div>\t\t\t\t<\/div>\n\t\t\t\t<\/div>\n\t\t            <\/div>\r\n        <\/div>\r\n                <div class=\"elementor-column elementor-col-25 elementor-inner-column elementor-element elementor-element-9b20500\" data-id=\"9b20500\" data-element_type=\"column\" data-e-type=\"column\">\r\n            <div class=\"elementor-widget-wrap elementor-element-populated\">\r\n                \t\t<div class=\"elementor-element elementor-element-dfc940d cms-counter-layout1 elementor-widget elementor-widget-cms_counter\" data-id=\"dfc940d\" data-element_type=\"widget\" data-e-type=\"widget\" data-widget_type=\"cms_counter.default\">\n\t\t\t\t<div class=\"elementor-widget-container\">\n\t\t\t\t\t<div class=\"cms-counter-layout1 wow zoomIn style2\" data-wow-delay=\"ms\">\n        <div class=\"cms-counter-number-wrapper\">\n        <span class=\"cms-counter-number-prefix\"><\/span>\n        <span class=\"elementor-counter-number\" data-duration=\"2000\" data-to-value=\"512\" data-delimiter=\",\">1<\/span>\n        <span class=\"cms-counter-number-suffix\"><\/span>\n    <\/div>\n            <h3 class=\"cms-counter-title\">Funcion\u00e1rios e Trabalhadores Qualificados Conosco<\/h3>\n    <\/div>\t\t\t\t<\/div>\n\t\t\t\t<\/div>\n\t\t\t\t<div class=\"elementor-element elementor-element-3eb5896 elementor-widget-divider--view-line elementor-widget elementor-widget-divider\" data-id=\"3eb5896\" data-element_type=\"widget\" data-e-type=\"widget\" data-widget_type=\"divider.default\">\n\t\t\t\t<div class=\"elementor-widget-container\">\n\t\t\t\t\t\t\t<div class=\"elementor-divider\">\n\t\t\t<span class=\"elementor-divider-separator\">\n\t\t\t\t\t\t<\/span>\n\t\t<\/div>\n\t\t\t\t\t\t<\/div>\n\t\t\t\t<\/div>\n\t\t            <\/div>\r\n        <\/div>\r\n        \t\t\t<\/div>\r\n\t\t<\/section>\r\n\t\t            <\/div>\r\n        <\/div>\r\n        \t\t\t<\/div>\r\n\t\t<\/section>\r\n\t\t\t\t<section class=\"elementor-section elementor-top-section elementor-element elementor-element-84b6378 elementor-section-boxed elementor-section-height-default elementor-section-height-default\" data-id=\"84b6378\" data-element_type=\"section\" data-e-type=\"section\">\r\n\t\t\t\t\t\t<div class=\"elementor-container elementor-column-gap-default \" >\r\n\t\t\t        <div class=\"elementor-column elementor-col-100 elementor-top-column elementor-element elementor-element-e47d73b\" data-id=\"e47d73b\" data-element_type=\"column\" data-e-type=\"column\">\r\n            <div class=\"elementor-widget-wrap\">\r\n                            <\/div>\r\n        <\/div>\r\n        \t\t\t<\/div>\r\n\t\t<\/section>\r\n\t\t\t\t<\/div>\n\t\t","protected":false},"excerpt":{"rendered":"<p>A MCC \u2014 Manuten\u00e7\u00e3o e Constru\u00e7\u00e3o Civil Lda, sediada na prov\u00edncia de Maputo, Matola Rio, traz mais de 10 anos de experi\u00eancia a trabalhar na \u00e1rea de constru\u00e7\u00e3o civil, com reputa\u00e7\u00e3o de execu\u00e7\u00e3o de projectos dentro dos prazos mantendo sempre a qualidade, sa\u00fade e seguran\u00e7a e as melhores pr\u00e1ticas de gest\u00e3o ambiental. A MCC est\u00e1 [&hellip;]<\/p>\n","protected":false},"author":4,"featured_media":0,"parent":0,"menu_order":0,"comment_status":"closed","ping_status":"closed","template":"","meta":{"_joinchat":[],"footnotes":""},"class_list":["post-42","page","type-page","status-publish","hentry"],"_links":{"self":[{"href":"https:\/\/mcc.co.mz\/en\/wp-json\/wp\/v2\/pages\/42","targetHints":{"allow":["GET"]}}],"collection":[{"href":"https:\/\/mcc.co.mz\/en\/wp-json\/wp\/v2\/pages"}],"about":[{"href":"https:\/\/mcc.co.mz\/en\/wp-json\/wp\/v2\/types\/page"}],"author":[{"embeddable":true,"href":"https:\/\/mcc.co.mz\/en\/wp-json\/wp\/v2\/users\/4"}],"replies":[{"embeddable":true,"href":"https:\/\/mcc.co.mz\/en\/wp-json\/wp\/v2\/comments?post=42"}],"version-history":[{"count":79,"href":"https:\/\/mcc.co.mz\/en\/wp-json\/wp\/v2\/pages\/42\/revisions"}],"predecessor-version":[{"id":2194,"href":"https:\/\/mcc.co.mz\/en\/wp-json\/wp\/v2\/pages\/42\/revisions\/2194"}],"wp:attachment":[{"href":"https:\/\/mcc.co.mz\/en\/wp-json\/wp\/v2\/media?parent=42"}],"curies":[{"name":"wp","href":"https:\/\/api.w.org\/{rel}","templated":true}]}}